{"id":9479,"date":"2022-07-20T09:27:12","date_gmt":"2022-07-20T06:27:12","guid":{"rendered":"https:\/\/sweden.thesswebsite.gr\/grossist-registreringssida\/"},"modified":"2022-09-14T17:53:12","modified_gmt":"2022-09-14T17:53:12","slug":"grossist-registreringssida","status":"publish","type":"page","link":"https:\/\/theflavoursofgreece.com\/sv\/grossist-registreringssida\/","title":{"rendered":"Grossist Registreringssida"},"content":{"rendered":"<div class=\"wpb-content-wrapper\"><p>[vc_row][vc_column][vc_column_text woodmart_inline=&#8221;no&#8221; text_larger=&#8221;no&#8221;]<div class=\"wpforms-container wpforms-container-full\" id=\"wpforms-17\"><form id=\"wpforms-form-17\" class=\"wpforms-validate wpforms-form\" data-formid=\"17\" method=\"post\" enctype=\"multipart\/form-data\" action=\"\/sv\/wp-json\/wp\/v2\/pages\/9479\"><noscript class=\"wpforms-error-noscript\">Aktivera JavaScript i din webbl\u00e4sare f\u00f6r att slutf\u00f6ra detta formul\u00e4r.<\/noscript><div class=\"wpforms-field-container\"><div id=\"wpforms-17-field_11-container\" class=\"wpforms-field wpforms-field-select wpforms-field-select-style-classic\" data-field-id=\"11\"><label class=\"wpforms-field-label\" for=\"wpforms-17-field_11\">Source <span class=\"wpforms-required-label\">*<\/span><\/label><select id=\"wpforms-17-field_11\" class=\"wpforms-field-small wpforms-field-required\" name=\"wpforms[fields][11]\" required=\"required\"><option value=\"Existing Customer\" >Existing Customer<\/option><option value=\"Print Advertising\" >Print Advertising<\/option><option value=\"Trade Show\" >Trade Show<\/option><option value=\"Web Advertising\" >Web Advertising<\/option><option value=\"Word of Mouth\" >Word of Mouth<\/option><\/select><\/div><div id=\"wpforms-17-field_12-container\" class=\"wpforms-field wpforms-field-select wpforms-field-select-style-classic\" data-field-id=\"12\"><label class=\"wpforms-field-label\" for=\"wpforms-17-field_12\">Shop Type <span class=\"wpforms-required-label\">*<\/span><\/label><select id=\"wpforms-17-field_12\" class=\"wpforms-field-medium wpforms-field-required\" name=\"wpforms[fields][12]\" required=\"required\"><option value=\"Butcher, Fishmonger, Greengrocer, Baker, Health &amp; Wholefood\" >Butcher, Fishmonger, Greengrocer, Baker, Health &amp; Wholefood<\/option><option value=\"Caf\u00e9 &amp; Hospitality\" >Caf\u00e9 &amp; Hospitality<\/option><option value=\"Convenience Store, Forecourts &amp; Off-Licence\" >Convenience Store, Forecourts &amp; Off-Licence<\/option><option value=\"Delicatessen\" >Delicatessen<\/option><option value=\"Farm Shop\" >Farm Shop<\/option><option value=\"Food Hall &amp; Dept. Store\" >Food Hall &amp; Dept. Store<\/option><option value=\"Garden Centre\" >Garden Centre<\/option><option value=\"Hamper &amp; Gifting\" >Hamper &amp; Gifting<\/option><option value=\"Online Retailer\" >Online Retailer<\/option><option value=\"Leisure &amp; Attractions\" >Leisure &amp; Attractions<\/option><option value=\"Health Food Store\" >Health Food Store<\/option><option value=\"Other\" >Other<\/option><\/select><\/div><div id=\"wpforms-17-field_1-container\" class=\"wpforms-field wpforms-field-name\" data-field-id=\"1\"><label class=\"wpforms-field-label\" for=\"wpforms-17-field_1\">Name <span class=\"wpforms-required-label\">*<\/span><\/label><div class=\"wpforms-field-row wpforms-field-large\"><div class=\"wpforms-field-row-block wpforms-first wpforms-one-half\"><input type=\"text\" id=\"wpforms-17-field_1\" class=\"wpforms-field-name-first wpforms-field-required\" name=\"wpforms[fields][1][first]\" required><label for=\"wpforms-17-field_1\" class=\"wpforms-field-sublabel after \">F\u00f6rst<\/label><\/div><div class=\"wpforms-field-row-block wpforms-one-half\"><input type=\"text\" id=\"wpforms-17-field_1-last\" class=\"wpforms-field-name-last wpforms-field-required\" name=\"wpforms[fields][1][last]\" required><label for=\"wpforms-17-field_1-last\" class=\"wpforms-field-sublabel after \">Sist<\/label><\/div><\/div><\/div><div id=\"wpforms-17-field_8-container\" class=\"wpforms-field wpforms-field-text wpforms-one-half wpforms-first\" data-field-id=\"8\"><label class=\"wpforms-field-label\" for=\"wpforms-17-field_8\">Company Name <span class=\"wpforms-required-label\">*<\/span><\/label><input type=\"text\" id=\"wpforms-17-field_8\" class=\"wpforms-field-large wpforms-field-required\" name=\"wpforms[fields][8]\" required><\/div><div id=\"wpforms-17-field_9-container\" class=\"wpforms-field wpforms-field-text\" data-field-id=\"9\"><label class=\"wpforms-field-label\" for=\"wpforms-17-field_9\">Company Registration Number <span class=\"wpforms-required-label\">*<\/span><\/label><input type=\"text\" id=\"wpforms-17-field_9\" class=\"wpforms-field-large wpforms-field-required\" name=\"wpforms[fields][9]\" required><\/div><div id=\"wpforms-17-field_13-container\" class=\"wpforms-field wpforms-field-text\" data-field-id=\"13\"><label class=\"wpforms-field-label\" for=\"wpforms-17-field_13\">Website \/ URL<\/label><input type=\"text\" id=\"wpforms-17-field_13\" class=\"wpforms-field-large\" name=\"wpforms[fields][13]\" ><\/div><div id=\"wpforms-17-field_3-container\" class=\"wpforms-field wpforms-field-email\" data-field-id=\"3\"><label class=\"wpforms-field-label\" for=\"wpforms-17-field_3\">Email <span class=\"wpforms-required-label\">*<\/span><\/label><input type=\"email\" id=\"wpforms-17-field_3\" class=\"wpforms-field-large wpforms-field-required\" name=\"wpforms[fields][3]\" spellcheck=\"false\" required><\/div><div id=\"wpforms-17-field_2-container\" class=\"wpforms-field wpforms-field-text wpforms-one-half wpforms-first\" data-field-id=\"2\"><label class=\"wpforms-field-label\" for=\"wpforms-17-field_2\">Username <span class=\"wpforms-required-label\">*<\/span><\/label><input type=\"text\" id=\"wpforms-17-field_2\" class=\"wpforms-field-large wpforms-field-required\" name=\"wpforms[fields][2]\" required><\/div><div id=\"wpforms-17-field_4-container\" class=\"wpforms-field wpforms-field-password wpforms-one-half\" data-field-id=\"4\"><label class=\"wpforms-field-label\" for=\"wpforms-17-field_4\">Password <span class=\"wpforms-required-label\">*<\/span><\/label><input type=\"password\" id=\"wpforms-17-field_4\" class=\"wpforms-field-large wpforms-field-required\" name=\"wpforms[fields][4]\" spellcheck=\"false\" required><\/div><div id=\"wpforms-17-field_18-container\" class=\"wpforms-field wpforms-field-captcha\" data-field-id=\"18\"><label class=\"wpforms-field-label\" for=\"wpforms-17-field_18\">Custom Captcha <span class=\"wpforms-required-label\">*<\/span><\/label>\t\t\t<div class=\"wpforms-captcha-math\">\n\t\t\t\t<span id=\"wpforms-17-field_18-question\" class=\"wpforms-captcha-equation\">\n\t\t\t\t\t<span class=\"n1\">8<\/span>\n\t\t\t\t\t\t\t<span class=\"cal\">+<\/span>\n\t\t\t\t\t\t\t<span class=\"n2\">9<\/span>\t\t\t\t\t<span class=\"e\">=<\/span>\n\t\t\t\t<\/span>\n\t\t\t\t<input type=\"text\" id=\"wpforms-17-field_18\" class=\"wpforms-field-medium wpforms-field-required a\" data-rule-wpf-captcha=\"math\" data-is-wrapped-field=\"1\" name=\"wpforms[fields][18][a]\" aria-describedby=\"wpforms-17-field_18-question\" required>\t\t\t\t<input type=\"hidden\" name=\"wpforms[fields][18][cal]\" class=\"cal\">\n\t\t\t\t<input type=\"hidden\" name=\"wpforms[fields][18][n2]\" class=\"n2\">\n\t\t\t\t<input type=\"hidden\" name=\"wpforms[fields][18][n1]\" class=\"n1\">\n\t\t\t<\/div>\n\t\t\t<\/div><div id=\"wpforms-17-field_17-container\" class=\"wpforms-field wpforms-field-html\" data-field-id=\"17\"><div id=\"wpforms-17-field_17\"><p> *By clicking on submit you are granting THE FLAVOURS OF GREECE permission to contact you using the details supplied to inform you of special offers and news which may be of interest to you. <\/p><\/div><\/div><\/div><!-- .wpforms-field-container --><div class=\"wpforms-submit-container\" ><input type=\"hidden\" name=\"wpforms[id]\" value=\"17\"><input type=\"hidden\" name=\"wpforms[author]\" value=\"1\"><input type=\"hidden\" class=\"wpforms-token\" name=\"wpforms[token]\" value=\"4c43b9cbc932da2cffdba34cab5ae147\" \/><button type=\"submit\" name=\"wpforms[submit]\" id=\"wpforms-submit-17\" class=\"wpforms-submit\" data-alt-text=\"Sending...\" data-submit-text=\"Submit\" aria-live=\"assertive\" value=\"wpforms-submit\">Submit<\/button><\/div><\/form><\/div>  <!-- .wpforms-container -->[\/vc_column_text][\/vc_column][\/vc_row]<\/p>\n<\/div>","protected":false},"excerpt":{"rendered":"<p>[vc_row][vc_column][vc_column_text woodmart_inline=&#8221;no&#8221; text_larger=&#8221;no&#8221;][\/vc_column_text][\/vc_column][\/vc_row]<\/p>\n","protected":false},"author":1,"featured_media":0,"parent":0,"menu_order":0,"comment_status":"closed","ping_status":"closed","template":"","meta":{"_acf_changed":false,"footnotes":""},"acf":[],"_links":{"self":[{"href":"https:\/\/theflavoursofgreece.com\/sv\/wp-json\/wp\/v2\/pages\/9479"}],"collection":[{"href":"https:\/\/theflavoursofgreece.com\/sv\/wp-json\/wp\/v2\/pages"}],"about":[{"href":"https:\/\/theflavoursofgreece.com\/sv\/wp-json\/wp\/v2\/types\/page"}],"author":[{"embeddable":true,"href":"https:\/\/theflavoursofgreece.com\/sv\/wp-json\/wp\/v2\/users\/1"}],"replies":[{"embeddable":true,"href":"https:\/\/theflavoursofgreece.com\/sv\/wp-json\/wp\/v2\/comments?post=9479"}],"version-history":[{"count":0,"href":"https:\/\/theflavoursofgreece.com\/sv\/wp-json\/wp\/v2\/pages\/9479\/revisions"}],"wp:attachment":[{"href":"https:\/\/theflavoursofgreece.com\/sv\/wp-json\/wp\/v2\/media?parent=9479"}],"curies":[{"name":"wp","href":"https:\/\/api.w.org\/{rel}","templated":true}]}}