{"id":9751,"date":"2021-08-25T07:26:28","date_gmt":"2021-08-25T04:26:28","guid":{"rendered":"https:\/\/theflavoursofgreece.com\/om-oss\/"},"modified":"2022-11-23T18:19:58","modified_gmt":"2022-11-23T16:19:58","slug":"om-oss","status":"publish","type":"page","link":"https:\/\/theflavoursofgreece.com\/sv\/om-oss\/","title":{"rendered":"Om oss"},"content":{"rendered":"<div class=\"wpb-content-wrapper\"><p>[vc_row full_width=&#8221;stretch_row&#8221; equal_height=&#8221;yes&#8221; css=&#8221;.vc_custom_1669219990455{margin-bottom: 40px !important;}&#8221; mobile_bg_img_hidden=&#8221;no&#8221; tablet_bg_img_hidden=&#8221;no&#8221; woodmart_parallax=&#8221;0&#8243; woodmart_gradient_switch=&#8221;no&#8221; row_reverse_mobile=&#8221;1&#8243; row_reverse_tablet=&#8221;1&#8243; woodmart_disable_overflow=&#8221;0&#8243; wd_z_index=&#8221;no&#8221; woodmart_css_id=&#8221;637e468eda458&#8243; responsive_spacing=&#8221;eyJwYXJhbV90eXBlIjoid29vZG1hcnRfcmVzcG9uc2l2ZV9zcGFjaW5nIiwic2VsZWN0b3JfaWQiOiI2MzdlNDY4ZWRhNDU4Iiwic2hvcnRjb2RlIjoidmNfcm93IiwiZGF0YSI6eyJ0YWJsZXQiOnt9LCJtb2JpbGUiOnsibWFyZ2luLWJvdHRvbSI6IjIwcHgifX19&#8243; woodmart_box_shadow=&#8221;no&#8221;][vc_column css=&#8221;.vc_custom_1669219767016{margin-bottom: 40px !important;padding-top: 0px !important;}&#8221; mobile_bg_img_hidden=&#8221;no&#8221; tablet_bg_img_hidden=&#8221;no&#8221; woodmart_parallax=&#8221;0&#8243; woodmart_sticky_column=&#8221;false&#8221; parallax_scroll=&#8221;no&#8221; mobile_reset_margin=&#8221;no&#8221; tablet_reset_margin=&#8221;no&#8221; offset=&#8221;vc_col-lg-6 vc_col-md-6&#8243; wd_z_index=&#8221;no&#8221; woodmart_css_id=&#8221;637e45abe2a95&#8243; responsive_spacing=&#8221;eyJwYXJhbV90eXBlIjoid29vZG1hcnRfcmVzcG9uc2l2ZV9zcGFjaW5nIiwic2VsZWN0b3JfaWQiOiI2MzdlNDVhYmUyYTk1Iiwic2hvcnRjb2RlIjoidmNfY29sdW1uIiwiZGF0YSI6eyJ0YWJsZXQiOnt9LCJtb2JpbGUiOnt9fX0=&#8221; wd_collapsible_content_switcher=&#8221;no&#8221; wd_column_role_offcanvas_desktop=&#8221;no&#8221; wd_column_role_offcanvas_tablet=&#8221;no&#8221; wd_column_role_offcanvas_mobile=&#8221;no&#8221; wd_column_role_content_desktop=&#8221;no&#8221; wd_column_role_content_tablet=&#8221;no&#8221; wd_column_role_content_mobile=&#8221;no&#8221; woodmart_box_shadow=&#8221;no&#8221;]\t\t<div id=\"wd-637e46eeda97d\" class=\"wd-image wd-wpb wd-rs-637e46eeda97d text-left vc_custom_1669220089480\">\n\t\t\t\n\t\t\t<img loading=\"lazy\" decoding=\"async\" width=\"2000\" height=\"1499\" src=\"https:\/\/theflavoursofgreece.com\/wp-content\/uploads\/2022\/11\/\u03a3\u03c7\u03ad\u03b4\u03b9\u03bf-\u03c7\u03c9\u03c1\u03af\u03c2-\u03c4\u03af\u03c4\u03bb\u03bf-3.jpg\" class=\"attachment-full size-full\" alt=\"\" srcset=\"https:\/\/theflavoursofgreece.com\/wp-content\/uploads\/2022\/11\/\u03a3\u03c7\u03ad\u03b4\u03b9\u03bf-\u03c7\u03c9\u03c1\u03af\u03c2-\u03c4\u03af\u03c4\u03bb\u03bf-3.jpg 2000w, https:\/\/theflavoursofgreece.com\/wp-content\/uploads\/2022\/11\/\u03a3\u03c7\u03ad\u03b4\u03b9\u03bf-\u03c7\u03c9\u03c1\u03af\u03c2-\u03c4\u03af\u03c4\u03bb\u03bf-3-430x322.jpg 430w, https:\/\/theflavoursofgreece.com\/wp-content\/uploads\/2022\/11\/\u03a3\u03c7\u03ad\u03b4\u03b9\u03bf-\u03c7\u03c9\u03c1\u03af\u03c2-\u03c4\u03af\u03c4\u03bb\u03bf-3-100x75.jpg 100w, https:\/\/theflavoursofgreece.com\/wp-content\/uploads\/2022\/11\/\u03a3\u03c7\u03ad\u03b4\u03b9\u03bf-\u03c7\u03c9\u03c1\u03af\u03c2-\u03c4\u03af\u03c4\u03bb\u03bf-3-700x525.jpg 700w, https:\/\/theflavoursofgreece.com\/wp-content\/uploads\/2022\/11\/\u03a3\u03c7\u03ad\u03b4\u03b9\u03bf-\u03c7\u03c9\u03c1\u03af\u03c2-\u03c4\u03af\u03c4\u03bb\u03bf-3-400x300.jpg 400w, https:\/\/theflavoursofgreece.com\/wp-content\/uploads\/2022\/11\/\u03a3\u03c7\u03ad\u03b4\u03b9\u03bf-\u03c7\u03c9\u03c1\u03af\u03c2-\u03c4\u03af\u03c4\u03bb\u03bf-3-1067x800.jpg 1067w, https:\/\/theflavoursofgreece.com\/wp-content\/uploads\/2022\/11\/\u03a3\u03c7\u03ad\u03b4\u03b9\u03bf-\u03c7\u03c9\u03c1\u03af\u03c2-\u03c4\u03af\u03c4\u03bb\u03bf-3-768x576.jpg 768w, https:\/\/theflavoursofgreece.com\/wp-content\/uploads\/2022\/11\/\u03a3\u03c7\u03ad\u03b4\u03b9\u03bf-\u03c7\u03c9\u03c1\u03af\u03c2-\u03c4\u03af\u03c4\u03bb\u03bf-3-1536x1151.jpg 1536w, https:\/\/theflavoursofgreece.com\/wp-content\/uploads\/2022\/11\/\u03a3\u03c7\u03ad\u03b4\u03b9\u03bf-\u03c7\u03c9\u03c1\u03af\u03c2-\u03c4\u03af\u03c4\u03bb\u03bf-3-860x645.jpg 860w\" sizes=\"(max-width: 2000px) 100vw, 2000px\" \/>\n\t\t\t\t\t<\/div>\n\t\t[\/vc_column][vc_column css=&#8221;.vc_custom_1629877027060{margin-bottom: 40px !important;padding-top: 40px !important;}&#8221; mobile_bg_img_hidden=&#8221;no&#8221; tablet_bg_img_hidden=&#8221;no&#8221; woodmart_parallax=&#8221;0&#8243; woodmart_sticky_column=&#8221;false&#8221; parallax_scroll=&#8221;no&#8221; mobile_reset_margin=&#8221;no&#8221; tablet_reset_margin=&#8221;no&#8221; offset=&#8221;vc_col-lg-offset-1 vc_col-lg-5 vc_col-md-6 vc_col-xs-12&#8243; wd_z_index=&#8221;no&#8221; woodmart_css_id=&#8221;6125f320eb687&#8243; responsive_spacing=&#8221;eyJwYXJhbV90eXBlIjoid29vZG1hcnRfcmVzcG9uc2l2ZV9zcGFjaW5nIiwic2VsZWN0b3JfaWQiOiI2MTI1ZjMyMGViNjg3Iiwic2hvcnRjb2RlIjoidmNfY29sdW1uIiwiZGF0YSI6eyJ0YWJsZXQiOnt9LCJtb2JpbGUiOnsicGFkZGluZy10b3AiOiIwIn19fQ==&#8221;]\n\t\t<div id=\"wd-637e453687c3c\" class=\"title-wrapper wd-wpb set-mb-s reset-last-child  wd-rs-637e453687c3c wd-title-color-primary wd-title-style-default text-left vc_custom_1669219653280 wd-underline-colored\">\n\t\t\t\t\t\t\t<div class=\"title-subtitle  subtitle-color-primary font-default subtitle-style-default wd-font-weight-600 wd-fontsize-xs\">THE FLAVOURS OF GREECE<\/div>\n\t\t\t\n\t\t\t<div class=\"liner-continer\">\n\t\t\t\t<h4 class=\"woodmart-title-container title  wd-font-weight- wd-fontsize-xxl\" >Om v\u00e5r webbutik<\/h4>\n\t\t\t\t\t\t\t<\/div>\n\t\t\t\n\t\t\t\n\t\t\t\n\t\t<\/div>\n\t\t\n\t\t\t\t<div id=\"wd-637e447a7ba9c\" class=\"wd-text-block wd-wpb reset-last-child wd-rs-637e447a7ba9c text-left wd-width-enabled wd-fontsize-s vc_custom_1669219458860\" style=\"--wd-max-width: 90%;\">\n\t\t\t<p><em>Uppt\u00e4ck den sanna essensen av naturliga grekiska aromer och smaker.<\/em><\/p>\n\t\t<\/div>\n\t\t\t\t<div id=\"wd-637e446fe46f2\" class=\"wd-text-block wd-wpb reset-last-child wd-rs-637e446fe46f2 text-left wd-fontsize-custom vc_custom_1669219448484\">\n\t\t\t<p>The Flavors of Greece presenterar en m\u00e4ngd ekologiska, konventionella, hantverksm\u00e4ssiga, prisade och innovativa grekiska produkter, som kommer att tillfredsst\u00e4lla \u00e4ven de mest kr\u00e4vande konsumenterna. Genom att kombinera \u00e4ktheten av den grekiska traditionen, den h\u00e4lsosamma medelhavskosten och det innovativa tillv\u00e4gag\u00e5ngss\u00e4ttet hos en ny generation av producenter, har den grekiska mat- och dryckessektorn s\u00e5 mycket att dela och erbjuda, genom sina unika smakblandningar och gastronomiska l\u00e4ckerheter.<br \/>\nOavsett om du \u00e4r en konsument och en \u00e4lskare av god mat och dryck, eller en professionell fr\u00e5n detaljhandeln, g\u00e4stfriheten eller cateringbranschen, kom och bes\u00f6k oss p\u00e5 ett eller flera av v\u00e5ra p\u00e5g\u00e5ende evenemang f\u00f6r att smaka och uppleva nya och moderna smaker av Grekland.<\/p>\n\t\t<\/div>\n\t\t[\/vc_column][\/vc_row][vc_row css=&#8221;.vc_custom_1629877038080{margin-bottom: 40px !important;}&#8221; mobile_bg_img_hidden=&#8221;no&#8221; tablet_bg_img_hidden=&#8221;no&#8221; woodmart_parallax=&#8221;0&#8243; woodmart_gradient_switch=&#8221;no&#8221; row_reverse_mobile=&#8221;1&#8243; row_reverse_tablet=&#8221;1&#8243; woodmart_disable_overflow=&#8221;0&#8243; wd_z_index=&#8221;no&#8221; woodmart_css_id=&#8221;6125f32826e3d&#8221; responsive_spacing=&#8221;eyJwYXJhbV90eXBlIjoid29vZG1hcnRfcmVzcG9uc2l2ZV9zcGFjaW5nIiwic2VsZWN0b3JfaWQiOiI2MTI1ZjMyODI2ZTNkIiwic2hvcnRjb2RlIjoidmNfcm93IiwiZGF0YSI6eyJ0YWJsZXQiOnt9LCJtb2JpbGUiOnsibWFyZ2luLWJvdHRvbSI6IjIwIn19fQ==&#8221;][vc_column css=&#8221;.vc_custom_1629877010833{margin-bottom: 40px !important;padding-top: 0px !important;}&#8221; mobile_bg_img_hidden=&#8221;no&#8221; tablet_bg_img_hidden=&#8221;no&#8221; woodmart_parallax=&#8221;0&#8243; woodmart_sticky_column=&#8221;false&#8221; parallax_scroll=&#8221;no&#8221; mobile_reset_margin=&#8221;no&#8221; tablet_reset_margin=&#8221;no&#8221; offset=&#8221;vc_col-lg-6 vc_col-md-6&#8243; wd_z_index=&#8221;no&#8221; woodmart_css_id=&#8221;6125f30edad72&#8243; responsive_spacing=&#8221;eyJwYXJhbV90eXBlIjoid29vZG1hcnRfcmVzcG9uc2l2ZV9zcGFjaW5nIiwic2VsZWN0b3JfaWQiOiI2MTI1ZjMwZWRhZDcyIiwic2hvcnRjb2RlIjoidmNfY29sdW1uIiwiZGF0YSI6eyJ0YWJsZXQiOnt9LCJtb2JpbGUiOnt9fX0=&#8221;]\n\t\t<div id=\"wd-637e457b9faa9\" class=\"title-wrapper wd-wpb set-mb-s reset-last-child  wd-rs-637e457b9faa9 wd-title-color-primary wd-title-style-default text-left vc_custom_1669219716913 wd-underline-colored\">\n\t\t\t\t\t\t\t<div class=\"title-subtitle  subtitle-color-primary font-default subtitle-style-default wd-font-weight-600 wd-fontsize-xs\">B2B<\/div>\n\t\t\t\n\t\t\t<div class=\"liner-continer\">\n\t\t\t\t<h4 class=\"woodmart-title-container title  wd-font-weight- wd-fontsize-xxl\" >\u00c4r du en nordisk k\u00f6pare?<\/h4>\n\t\t\t\t\t\t\t<\/div>\n\t\t\t\n\t\t\t\n\t\t\t\n\t\t<\/div>\n\t\t\n\t\t\t\t<div id=\"wd-637e45132b10d\" class=\"wd-text-block wd-wpb reset-last-child wd-rs-637e45132b10d text-left wd-fontsize-custom vc_custom_1669219612127\">\n\t\t\t<p>F\u00f6r att f\u00e5 prover och diskutera distributionsm\u00f6jligheter med v\u00e5ra grekiska leverant\u00f6rer, v\u00e4nligen bl\u00e4ddra igenom v\u00e5r B2B-butik, titta p\u00e5 produkterna och beg\u00e4r prover och mer information.<br \/>\nN\u00e4r vi har f\u00e5tt din f\u00f6rfr\u00e5gan kommer vi att kontakta producenterna, informera dem om ditt intresse och skicka \u00f6ver proverna.<\/p>\n<p>Se till att du inte missar den chansen genom att bl\u00e4ddra i v\u00e5r B2B-butik idag!<\/p>\n\t\t<\/div>\n\t\t[\/vc_column][vc_column css=&#8221;.vc_custom_1629877027060{margin-bottom: 40px !important;padding-top: 40px !important;}&#8221; mobile_bg_img_hidden=&#8221;no&#8221; tablet_bg_img_hidden=&#8221;no&#8221; woodmart_parallax=&#8221;0&#8243; woodmart_sticky_column=&#8221;false&#8221; parallax_scroll=&#8221;no&#8221; mobile_reset_margin=&#8221;no&#8221; tablet_reset_margin=&#8221;no&#8221; offset=&#8221;vc_col-lg-offset-1 vc_col-lg-5 vc_col-md-6 vc_col-xs-12&#8243; wd_z_index=&#8221;no&#8221; woodmart_css_id=&#8221;6125f320eb687&#8243; responsive_spacing=&#8221;eyJwYXJhbV90eXBlIjoid29vZG1hcnRfcmVzcG9uc2l2ZV9zcGFjaW5nIiwic2VsZWN0b3JfaWQiOiI2MTI1ZjMyMGViNjg3Iiwic2hvcnRjb2RlIjoidmNfY29sdW1uIiwiZGF0YSI6eyJ0YWJsZXQiOnt9LCJtb2JpbGUiOnsicGFkZGluZy10b3AiOiIwIn19fQ==&#8221;]\t\t<div id=\"wd-637e476b1a9a2\" class=\"wd-image wd-wpb wd-rs-637e476b1a9a2 text-left vc_custom_1669220209125\">\n\t\t\t\n\t\t\t<img loading=\"lazy\" decoding=\"async\" width=\"1920\" height=\"900\" src=\"https:\/\/theflavoursofgreece.com\/wp-content\/uploads\/2022\/11\/\u03a3\u03c7\u03ad\u03b4\u03b9\u03bf-\u03c7\u03c9\u03c1\u03af\u03c2-\u03c4\u03af\u03c4\u03bb\u03bf-5.jpg\" class=\"attachment-full size-full\" alt=\"\" srcset=\"https:\/\/theflavoursofgreece.com\/wp-content\/uploads\/2022\/11\/\u03a3\u03c7\u03ad\u03b4\u03b9\u03bf-\u03c7\u03c9\u03c1\u03af\u03c2-\u03c4\u03af\u03c4\u03bb\u03bf-5.jpg 1920w, https:\/\/theflavoursofgreece.com\/wp-content\/uploads\/2022\/11\/\u03a3\u03c7\u03ad\u03b4\u03b9\u03bf-\u03c7\u03c9\u03c1\u03af\u03c2-\u03c4\u03af\u03c4\u03bb\u03bf-5-430x202.jpg 430w, https:\/\/theflavoursofgreece.com\/wp-content\/uploads\/2022\/11\/\u03a3\u03c7\u03ad\u03b4\u03b9\u03bf-\u03c7\u03c9\u03c1\u03af\u03c2-\u03c4\u03af\u03c4\u03bb\u03bf-5-100x47.jpg 100w, https:\/\/theflavoursofgreece.com\/wp-content\/uploads\/2022\/11\/\u03a3\u03c7\u03ad\u03b4\u03b9\u03bf-\u03c7\u03c9\u03c1\u03af\u03c2-\u03c4\u03af\u03c4\u03bb\u03bf-5-700x328.jpg 700w, https:\/\/theflavoursofgreece.com\/wp-content\/uploads\/2022\/11\/\u03a3\u03c7\u03ad\u03b4\u03b9\u03bf-\u03c7\u03c9\u03c1\u03af\u03c2-\u03c4\u03af\u03c4\u03bb\u03bf-5-400x188.jpg 400w, https:\/\/theflavoursofgreece.com\/wp-content\/uploads\/2022\/11\/\u03a3\u03c7\u03ad\u03b4\u03b9\u03bf-\u03c7\u03c9\u03c1\u03af\u03c2-\u03c4\u03af\u03c4\u03bb\u03bf-5-1300x609.jpg 1300w, https:\/\/theflavoursofgreece.com\/wp-content\/uploads\/2022\/11\/\u03a3\u03c7\u03ad\u03b4\u03b9\u03bf-\u03c7\u03c9\u03c1\u03af\u03c2-\u03c4\u03af\u03c4\u03bb\u03bf-5-768x360.jpg 768w, https:\/\/theflavoursofgreece.com\/wp-content\/uploads\/2022\/11\/\u03a3\u03c7\u03ad\u03b4\u03b9\u03bf-\u03c7\u03c9\u03c1\u03af\u03c2-\u03c4\u03af\u03c4\u03bb\u03bf-5-1536x720.jpg 1536w, https:\/\/theflavoursofgreece.com\/wp-content\/uploads\/2022\/11\/\u03a3\u03c7\u03ad\u03b4\u03b9\u03bf-\u03c7\u03c9\u03c1\u03af\u03c2-\u03c4\u03af\u03c4\u03bb\u03bf-5-860x403.jpg 860w\" sizes=\"(max-width: 1920px) 100vw, 1920px\" \/>\n\t\t\t\t\t<\/div>\n\t\t[\/vc_column][\/vc_row]<\/p>\n<\/div>","protected":false},"excerpt":{"rendered":"<p>[vc_row full_width=&#8221;stretch_row&#8221; equal_height=&#8221;yes&#8221; css=&#8221;.vc_custom_1669219990455{margin-bottom: 40px !important;}&#8221; mobile_bg_img_hidden=&#8221;no&#8221; tablet_bg_img_hidden=&#8221;no&#8221; woodmart_parallax=&#8221;0&#8243; woodmart_gradient_switch=&#8221;no&#8221; row_reverse_mobile=&#8221;1&#8243; row_reverse_tablet=&#8221;1&#8243; woodmart_disable_overflow=&#8221;0&#8243; wd_z_index=&#8221;no&#8221; woodmart_css_id=&#8221;637e468eda458&#8243; responsive_spacing=&#8221;eyJwYXJhbV90eXBlIjoid29vZG1hcnRfcmVzcG9uc2l2ZV9zcGFjaW5nIiwic2VsZWN0b3JfaWQiOiI2MzdlNDY4ZWRhNDU4Iiwic2hvcnRjb2RlIjoidmNfcm93IiwiZGF0YSI6eyJ0YWJsZXQiOnt9LCJtb2JpbGUiOnsibWFyZ2luLWJvdHRvbSI6IjIwcHgifX19&#8243; woodmart_box_shadow=&#8221;no&#8221;][vc_column css=&#8221;.vc_custom_1669219767016{margin-bottom: 40px !important;padding-top:<\/p>\n","protected":false},"author":1,"featured_media":0,"parent":0,"menu_order":0,"comment_status":"closed","ping_status":"closed","template":"","meta":{"_acf_changed":false,"footnotes":""},"acf":[],"_links":{"self":[{"href":"https:\/\/theflavoursofgreece.com\/sv\/wp-json\/wp\/v2\/pages\/9751"}],"collection":[{"href":"https:\/\/theflavoursofgreece.com\/sv\/wp-json\/wp\/v2\/pages"}],"about":[{"href":"https:\/\/theflavoursofgreece.com\/sv\/wp-json\/wp\/v2\/types\/page"}],"author":[{"embeddable":true,"href":"https:\/\/theflavoursofgreece.com\/sv\/wp-json\/wp\/v2\/users\/1"}],"replies":[{"embeddable":true,"href":"https:\/\/theflavoursofgreece.com\/sv\/wp-json\/wp\/v2\/comments?post=9751"}],"version-history":[{"count":0,"href":"https:\/\/theflavoursofgreece.com\/sv\/wp-json\/wp\/v2\/pages\/9751\/revisions"}],"wp:attachment":[{"href":"https:\/\/theflavoursofgreece.com\/sv\/wp-json\/wp\/v2\/media?parent=9751"}],"curies":[{"name":"wp","href":"https:\/\/api.w.org\/{rel}","templated":true}]}}