{"id":9725,"date":"2022-11-23T10:51:37","date_gmt":"2022-11-23T08:51:37","guid":{"rendered":"https:\/\/theflavoursofgreece.com\/product\/ekologiska-vilda-orter-och-barrtrad-honung\/"},"modified":"2022-12-06T13:08:41","modified_gmt":"2022-12-06T11:08:41","slug":"ekologiska-vilda-orter-och-barrtrad-honung","status":"publish","type":"product","link":"https:\/\/theflavoursofgreece.com\/sv\/produkt\/ekologiska-vilda-orter-och-barrtrad-honung\/","title":{"rendered":"Ekologiska vilda \u00f6rter och barrtr\u00e4d honung"},"content":{"rendered":"<div class=\"wpb-content-wrapper\"><p>[vc_row][vc_column][vc_column_text woodmart_inline=&#8221;no&#8221; text_larger=&#8221;no&#8221;]V\u00e5r passion f\u00f6r honung har drivit oss att skapa ett autentiskt och l\u00e4ckert sortiment av produkter, som har full\u00e4ndats genom v\u00e5r k\u00e4rlek till naturen och familjen, som \u00e4r lika ren som v\u00e5r honung och som syns i varje burk.<\/p>\n<p><strong>F\u00f6rpackning<\/strong>: 12 st \/ kartong | 140 kartonger \/ pall[\/vc_column_text][\/vc_column][\/vc_row]<\/p>\n<\/div>","protected":false},"excerpt":{"rendered":"<p><span style=\"color: #0c89dd;\"><strong>250g<\/strong><\/span><\/p>\n<p>100 % grekisk ekologisk honung<\/p>\n","protected":false},"featured_media":9643,"template":"","meta":{"_acf_changed":false},"product_cat":[167,168],"product_tag":[],"acf":[],"_links":{"self":[{"href":"https:\/\/theflavoursofgreece.com\/sv\/wp-json\/wp\/v2\/product\/9725"}],"collection":[{"href":"https:\/\/theflavoursofgreece.com\/sv\/wp-json\/wp\/v2\/product"}],"about":[{"href":"https:\/\/theflavoursofgreece.com\/sv\/wp-json\/wp\/v2\/types\/product"}],"wp:featuredmedia":[{"embeddable":true,"href":"https:\/\/theflavoursofgreece.com\/sv\/wp-json\/wp\/v2\/media\/9643"}],"wp:attachment":[{"href":"https:\/\/theflavoursofgreece.com\/sv\/wp-json\/wp\/v2\/media?parent=9725"}],"wp:term":[{"taxonomy":"product_cat","embeddable":true,"href":"https:\/\/theflavoursofgreece.com\/sv\/wp-json\/wp\/v2\/product_cat?post=9725"},{"taxonomy":"product_tag","embeddable":true,"href":"https:\/\/theflavoursofgreece.com\/sv\/wp-json\/wp\/v2\/product_tag?post=9725"}],"curies":[{"name":"wp","href":"https:\/\/api.w.org\/{rel}","templated":true}]}}