{"id":9726,"date":"2022-11-08T14:34:54","date_gmt":"2022-11-08T12:34:54","guid":{"rendered":"https:\/\/theflavoursofgreece.com\/product\/ra-rod-druvsaft\/"},"modified":"2022-12-06T13:08:55","modified_gmt":"2022-12-06T11:08:55","slug":"ra-rod-druvsaft","status":"publish","type":"product","link":"https:\/\/theflavoursofgreece.com\/sv\/produkt\/ra-rod-druvsaft\/","title":{"rendered":"R\u00e5 r\u00f6d druvsaft"},"content":{"rendered":"<div class=\"wpb-content-wrapper\"><p>[vc_row][vc_column][vc_column_text woodmart_inline=&#8221;no&#8221; text_larger=&#8221;no&#8221;]R\u00e5 ekologisk druvjuice Ofiltrerad, utan tillsatt socker, utan tillsatser.<\/p>\n<p><strong>Ingredienser<\/strong>: R\u00f6d agiorgitiko r\u00f6d druva r\u00e5 saft av 420 g druva ofiltrerad i Tetrapak liten kartong p\u00e5 250ml.<\/p>\n<p><strong>F\u00f6rpackning<\/strong>: 27 st \/ kartong[\/vc_column_text][\/vc_column][\/vc_row]<\/p>\n<\/div>","protected":false},"excerpt":{"rendered":"<p><strong>250ml<\/strong><\/p>\n<p>R\u00e5 ekologisk juice av r\u00f6da druvor med sugr\u00f6r<\/p>\n","protected":false},"featured_media":9588,"template":"","meta":{"_acf_changed":false},"product_cat":[169,167],"product_tag":[],"acf":[],"_links":{"self":[{"href":"https:\/\/theflavoursofgreece.com\/sv\/wp-json\/wp\/v2\/product\/9726"}],"collection":[{"href":"https:\/\/theflavoursofgreece.com\/sv\/wp-json\/wp\/v2\/product"}],"about":[{"href":"https:\/\/theflavoursofgreece.com\/sv\/wp-json\/wp\/v2\/types\/product"}],"wp:featuredmedia":[{"embeddable":true,"href":"https:\/\/theflavoursofgreece.com\/sv\/wp-json\/wp\/v2\/media\/9588"}],"wp:attachment":[{"href":"https:\/\/theflavoursofgreece.com\/sv\/wp-json\/wp\/v2\/media?parent=9726"}],"wp:term":[{"taxonomy":"product_cat","embeddable":true,"href":"https:\/\/theflavoursofgreece.com\/sv\/wp-json\/wp\/v2\/product_cat?post=9726"},{"taxonomy":"product_tag","embeddable":true,"href":"https:\/\/theflavoursofgreece.com\/sv\/wp-json\/wp\/v2\/product_tag?post=9726"}],"curies":[{"name":"wp","href":"https:\/\/api.w.org\/{rel}","templated":true}]}}