{"id":9728,"date":"2022-09-16T12:46:55","date_gmt":"2022-09-16T09:46:55","guid":{"rendered":"https:\/\/theflavoursofgreece.com\/product\/ekologisk-druvsoda\/"},"modified":"2022-12-06T13:09:23","modified_gmt":"2022-12-06T11:09:23","slug":"ekologisk-druvsoda","status":"publish","type":"product","link":"https:\/\/theflavoursofgreece.com\/sv\/produkt\/ekologisk-druvsoda\/","title":{"rendered":"Ekologisk druvsoda"},"content":{"rendered":"<div class=\"wpb-content-wrapper\"><p>[vc_row][vc_column][vc_column_text woodmart_inline=&#8221;no&#8221; text_larger=&#8221;no&#8221;]Torr botanisk vegetabilisk organisk l\u00e4sk fr\u00e5n Agiorgitiko r\u00f6d druva och grekiskt bergste.<\/p>\n<p>\u00c5tervitaliserande kolsyrat, noll kalorier, inget socker, inga tillsatser. Njut av det svalt, torrt eller i cocktails.[\/vc_column_text][\/vc_column][\/vc_row]<\/p>\n<\/div>","protected":false},"excerpt":{"rendered":"<p><span style=\"color: #0c89dd;\"><strong>250ml<\/strong><\/span><\/p>\n<p>Mousserande druvvatten fr\u00e5n Agiorgitiko-druva med grekiskt bergste<\/p>\n<p><strong>ingredienser<\/strong>: Organisk r\u00f6d agiorgitiko-druva (vitis vinifera) Organiskt grekiskt bergste (Sideritis), koldioxid<\/p>\n<p><strong>F\u00f6rpackning<\/strong>: 24st \/ kartong<\/p>\n","protected":false},"featured_media":9574,"template":"","meta":{"_acf_changed":false},"product_cat":[169,167],"product_tag":[],"acf":[],"_links":{"self":[{"href":"https:\/\/theflavoursofgreece.com\/sv\/wp-json\/wp\/v2\/product\/9728"}],"collection":[{"href":"https:\/\/theflavoursofgreece.com\/sv\/wp-json\/wp\/v2\/product"}],"about":[{"href":"https:\/\/theflavoursofgreece.com\/sv\/wp-json\/wp\/v2\/types\/product"}],"wp:featuredmedia":[{"embeddable":true,"href":"https:\/\/theflavoursofgreece.com\/sv\/wp-json\/wp\/v2\/media\/9574"}],"wp:attachment":[{"href":"https:\/\/theflavoursofgreece.com\/sv\/wp-json\/wp\/v2\/media?parent=9728"}],"wp:term":[{"taxonomy":"product_cat","embeddable":true,"href":"https:\/\/theflavoursofgreece.com\/sv\/wp-json\/wp\/v2\/product_cat?post=9728"},{"taxonomy":"product_tag","embeddable":true,"href":"https:\/\/theflavoursofgreece.com\/sv\/wp-json\/wp\/v2\/product_tag?post=9728"}],"curies":[{"name":"wp","href":"https:\/\/api.w.org\/{rel}","templated":true}]}}