{"id":9729,"date":"2022-09-16T07:32:34","date_gmt":"2022-09-16T04:32:34","guid":{"rendered":"https:\/\/theflavoursofgreece.com\/product\/limesaft\/"},"modified":"2022-12-06T13:09:39","modified_gmt":"2022-12-06T11:09:39","slug":"limesaft","status":"publish","type":"product","link":"https:\/\/theflavoursofgreece.com\/sv\/produkt\/limesaft\/","title":{"rendered":"Limesaft"},"content":{"rendered":"<div class=\"wpb-content-wrapper\"><p>[vc_row][vc_column][vc_column_text woodmart_inline=&#8221;no&#8221; text_larger=&#8221;no&#8221;]Limejuice MARI har flera anv\u00e4ndningsomr\u00e5den. Ge till din dressing fr\u00e4sch k\u00e4nsla av kalk och \u00f6ka smaken p\u00e5 dina cocktails.[\/vc_column_text][\/vc_column][\/vc_row]<\/p>\n<\/div>","protected":false},"excerpt":{"rendered":"<p><span style=\"color: #0c89dd;\"><strong>200ml<\/strong><\/span><\/p>\n<p><strong>Limesaft &#8211; Limef\u00e4rgad flaska<\/strong><\/p>\n<p><strong>ingredienser <\/strong>: Kalksaft fr\u00e5n koncentrat, filtrerat vatten, konserveringsmedel: kaliummetabisulfit<\/p>\n<p><strong>F\u00f6rpackning<\/strong>: 24st \/ kartong<\/p>\n","protected":false},"featured_media":9559,"template":"","meta":{"_acf_changed":false},"product_cat":[171],"product_tag":[],"acf":[],"_links":{"self":[{"href":"https:\/\/theflavoursofgreece.com\/sv\/wp-json\/wp\/v2\/product\/9729"}],"collection":[{"href":"https:\/\/theflavoursofgreece.com\/sv\/wp-json\/wp\/v2\/product"}],"about":[{"href":"https:\/\/theflavoursofgreece.com\/sv\/wp-json\/wp\/v2\/types\/product"}],"wp:featuredmedia":[{"embeddable":true,"href":"https:\/\/theflavoursofgreece.com\/sv\/wp-json\/wp\/v2\/media\/9559"}],"wp:attachment":[{"href":"https:\/\/theflavoursofgreece.com\/sv\/wp-json\/wp\/v2\/media?parent=9729"}],"wp:term":[{"taxonomy":"product_cat","embeddable":true,"href":"https:\/\/theflavoursofgreece.com\/sv\/wp-json\/wp\/v2\/product_cat?post=9729"},{"taxonomy":"product_tag","embeddable":true,"href":"https:\/\/theflavoursofgreece.com\/sv\/wp-json\/wp\/v2\/product_tag?post=9729"}],"curies":[{"name":"wp","href":"https:\/\/api.w.org\/{rel}","templated":true}]}}