{"id":9731,"date":"2022-09-15T13:08:16","date_gmt":"2022-09-15T10:08:16","guid":{"rendered":"https:\/\/theflavoursofgreece.com\/product\/balsamic-glaze-med-honung\/"},"modified":"2022-12-06T13:10:11","modified_gmt":"2022-12-06T11:10:11","slug":"balsamic-glaze-med-honung","status":"publish","type":"product","link":"https:\/\/theflavoursofgreece.com\/sv\/produkt\/balsamic-glaze-med-honung\/","title":{"rendered":"Balsamisk glasyr med honung"},"content":{"rendered":"<div class=\"wpb-content-wrapper\"><p>[vc_row][vc_column][vc_column_text woodmart_inline=&#8221;no&#8221; text_larger=&#8221;no&#8221;]Balsamisk glasyr med honung. Inget socker tillsatt, inneh\u00e5ller endast fruktsocker. Utan konserveringsmedel, kola eller andra f\u00e4rg\u00e4mnen och andra tillsatser. Helt naturligt. Inga pulvor eller pulver anv\u00e4nds.<\/p>\n<p>Perfekt f\u00f6r sallader, lax, ost och kallskuret, k\u00f6tt, fj\u00e4derf\u00e4, kyckling, fisk, marinader etc. Vegansk, glutenfri[\/vc_column_text][\/vc_column][\/vc_row]<\/p>\n<\/div>","protected":false},"excerpt":{"rendered":"<p><span style=\"color: #0c89dd;\"><strong>250ml<\/strong><\/span><\/p>\n<p>Inget socker tillsatt. Vegansk, glutenfri produkt.<\/p>\n<p><strong>ingredienser<\/strong>: Koncentrerad druvsaft, vit druv\u00e4ttika, koncentrerad druvsirap, honung (f\u00f6r 100 g av produkten 15 g av den anv\u00e4nda honungen) \u00e4pple.<\/p>\n<p><strong>F\u00f6rpackning<\/strong>: 6st \/ kartong<\/p>\n","protected":false},"featured_media":9566,"template":"","meta":{"_acf_changed":false},"product_cat":[171],"product_tag":[173,172],"acf":[],"_links":{"self":[{"href":"https:\/\/theflavoursofgreece.com\/sv\/wp-json\/wp\/v2\/product\/9731"}],"collection":[{"href":"https:\/\/theflavoursofgreece.com\/sv\/wp-json\/wp\/v2\/product"}],"about":[{"href":"https:\/\/theflavoursofgreece.com\/sv\/wp-json\/wp\/v2\/types\/product"}],"wp:featuredmedia":[{"embeddable":true,"href":"https:\/\/theflavoursofgreece.com\/sv\/wp-json\/wp\/v2\/media\/9566"}],"wp:attachment":[{"href":"https:\/\/theflavoursofgreece.com\/sv\/wp-json\/wp\/v2\/media?parent=9731"}],"wp:term":[{"taxonomy":"product_cat","embeddable":true,"href":"https:\/\/theflavoursofgreece.com\/sv\/wp-json\/wp\/v2\/product_cat?post=9731"},{"taxonomy":"product_tag","embeddable":true,"href":"https:\/\/theflavoursofgreece.com\/sv\/wp-json\/wp\/v2\/product_tag?post=9731"}],"curies":[{"name":"wp","href":"https:\/\/api.w.org\/{rel}","templated":true}]}}