{"id":9733,"date":"2022-09-15T11:50:53","date_gmt":"2022-09-15T08:50:53","guid":{"rendered":"https:\/\/theflavoursofgreece.com\/product\/gourmetpistaschmandlar-15-krispiga\/"},"modified":"2022-12-06T13:10:34","modified_gmt":"2022-12-06T11:10:34","slug":"gourmetpistaschmandlar-15-krispiga","status":"publish","type":"product","link":"https:\/\/theflavoursofgreece.com\/sv\/produkt\/gourmetpistaschmandlar-15-krispiga\/","title":{"rendered":"Gourmetpistaschmandlar (15 % krispiga)"},"content":{"rendered":"<div class=\"wpb-content-wrapper\"><p>[vc_row][vc_column][vc_column_text woodmart_inline=&#8221;no&#8221; text_larger=&#8221;no&#8221;]Anv\u00e4nd v\u00e5r ursprungliga 100% ren pistasch premie sprids som en del av din frukost, som ett mellanm\u00e5l, eller som en ingrediens i n\u00e5gon form av recept.[\/vc_column_text][\/vc_column][\/vc_row]<\/p>\n<\/div>","protected":false},"excerpt":{"rendered":"<p><span style=\"color: #0c89dd;\"><strong>240g<\/strong><\/span><\/p>\n<p>100% ren original pistasch spridning &#8211; 15% Crunchy<\/p>\n<p><strong>F\u00f6rpackning<\/strong>: 36 st \/ fodral<\/p>\n","protected":false},"featured_media":9532,"template":"","meta":{"_acf_changed":false},"product_cat":[170],"product_tag":[],"acf":[],"_links":{"self":[{"href":"https:\/\/theflavoursofgreece.com\/sv\/wp-json\/wp\/v2\/product\/9733"}],"collection":[{"href":"https:\/\/theflavoursofgreece.com\/sv\/wp-json\/wp\/v2\/product"}],"about":[{"href":"https:\/\/theflavoursofgreece.com\/sv\/wp-json\/wp\/v2\/types\/product"}],"wp:featuredmedia":[{"embeddable":true,"href":"https:\/\/theflavoursofgreece.com\/sv\/wp-json\/wp\/v2\/media\/9532"}],"wp:attachment":[{"href":"https:\/\/theflavoursofgreece.com\/sv\/wp-json\/wp\/v2\/media?parent=9733"}],"wp:term":[{"taxonomy":"product_cat","embeddable":true,"href":"https:\/\/theflavoursofgreece.com\/sv\/wp-json\/wp\/v2\/product_cat?post=9733"},{"taxonomy":"product_tag","embeddable":true,"href":"https:\/\/theflavoursofgreece.com\/sv\/wp-json\/wp\/v2\/product_tag?post=9733"}],"curies":[{"name":"wp","href":"https:\/\/api.w.org\/{rel}","templated":true}]}}