{"id":9735,"date":"2022-09-15T10:46:57","date_gmt":"2022-09-15T07:46:57","guid":{"rendered":"https:\/\/theflavoursofgreece.com\/product\/extra-jungfruolja-500-ml\/"},"modified":"2022-12-06T13:10:59","modified_gmt":"2022-12-06T11:10:59","slug":"extra-jungfruolja-500-ml","status":"publish","type":"product","link":"https:\/\/theflavoursofgreece.com\/sv\/produkt\/extra-jungfruolja-500-ml\/","title":{"rendered":"Extra jungfruolja 500 ml"},"content":{"rendered":"<div class=\"wpb-content-wrapper\"><p>[vc_row][vc_column][vc_column_text woodmart_inline=&#8221;no&#8221; text_larger=&#8221;no&#8221;]Den e<strong>kologiska extra jungfruoljan<\/strong> fr\u00e5n Tombazis Olive Grove har en rik aromatisk profil av nyklippt gr\u00e4s, gr\u00f6na tomater och f\u00e4rska \u00f6rter. En mycket balanserad palett n\u00e4r det g\u00e4ller smaken i munnen med sina beska noter fint n\u00e4rvarande och en kryddig eftersmak som behagligt f\u00f6rl\u00e4nger i munnen. Det b\u00e4sta paret med f\u00e4rska gr\u00f6na salater, fisk, f\u00e4rsk pasta, grillade gr\u00f6nsaker och de flesta r\u00e5a beredningar.<br \/>\nTombazis Organic EVOO filtreras omedelbart och lagras i tankar av rostfritt st\u00e5l med tillsats av kv\u00e4ve f\u00f6r att h\u00e5lla alla dess organoleptiska komponenter f\u00e4rska . N\u00e5got som v\u00e5ra kvalitetscertifikat och utm\u00e4rkelser verifierar varje \u00e5r.[\/vc_column_text][\/vc_column][\/vc_row]<\/p>\n<\/div>","protected":false},"excerpt":{"rendered":"<p><strong><span style=\"color: #0c89dd;\">500 ml &#8211; M\u00f6rk glasflaska<\/span><\/strong><\/p>\n<p>Enkelt ursprung ekologisk extra jungfruolja Koroneiki sort<\/p>\n<p><strong>F\u00f6rpackning<\/strong>: 12 st \/ fodral<\/p>\n","protected":false},"featured_media":9516,"template":"","meta":{"_acf_changed":false},"product_cat":[174],"product_tag":[175],"acf":[],"_links":{"self":[{"href":"https:\/\/theflavoursofgreece.com\/sv\/wp-json\/wp\/v2\/product\/9735"}],"collection":[{"href":"https:\/\/theflavoursofgreece.com\/sv\/wp-json\/wp\/v2\/product"}],"about":[{"href":"https:\/\/theflavoursofgreece.com\/sv\/wp-json\/wp\/v2\/types\/product"}],"wp:featuredmedia":[{"embeddable":true,"href":"https:\/\/theflavoursofgreece.com\/sv\/wp-json\/wp\/v2\/media\/9516"}],"wp:attachment":[{"href":"https:\/\/theflavoursofgreece.com\/sv\/wp-json\/wp\/v2\/media?parent=9735"}],"wp:term":[{"taxonomy":"product_cat","embeddable":true,"href":"https:\/\/theflavoursofgreece.com\/sv\/wp-json\/wp\/v2\/product_cat?post=9735"},{"taxonomy":"product_tag","embeddable":true,"href":"https:\/\/theflavoursofgreece.com\/sv\/wp-json\/wp\/v2\/product_tag?post=9735"}],"curies":[{"name":"wp","href":"https:\/\/api.w.org\/{rel}","templated":true}]}}