{"id":9736,"date":"2022-09-15T10:39:42","date_gmt":"2022-09-15T07:39:42","guid":{"rendered":"https:\/\/theflavoursofgreece.com\/product\/ertha-female-care\/"},"modified":"2022-12-06T13:34:57","modified_gmt":"2022-12-06T11:34:57","slug":"ertha-female-care","status":"publish","type":"product","link":"https:\/\/theflavoursofgreece.com\/sv\/produkt\/ertha-female-care\/","title":{"rendered":"Ertha Female Care"},"content":{"rendered":"<div class=\"wpb-content-wrapper\"><p>[vc_row][vc_column][vc_column_text woodmart_inline=&#8221;no&#8221; text_larger=&#8221;no&#8221;]Female Care \u00e4r en blandning av sex \u00f6rter och kryddor, som inneh\u00e5ller flavonoider, iriserande och \u00f6rtte eteriska oljor som lindrar premenstruella symptom och menstruationscykelst\u00f6rningar. Antioxidantegenskaperna hos Female Care, skydda cellerna fr\u00e5n antioxidantstress och minska inflammation f\u00f6re menstruationscykeln.<\/p>\n<p>Sm\u00f6rj p\u00e5 kvinnlig v\u00e5rd under hela din menstruationscykel eller b\u00f6rja dricka det en vecka f\u00f6re menstruation f\u00f6r att balansera nervsystemet, st\u00f6dja progesteronproduktion och minska inflammation.[\/vc_column_text][\/vc_column][\/vc_row]<\/p>\n<\/div>","protected":false},"excerpt":{"rendered":"<p><span style=\"color: #0c89dd;\"><strong>15g<\/strong><\/span><\/p>\n<p><strong>Organisk \u00f6rtteoxid<\/strong><\/p>\n<p>St\u00f6dja dina hormoner och din lutealfas med flavonoider, och iriserande, och v\u00e4xtbaserade eteriska oljor som lindrar premenstruella symtom.<\/p>\n<p><strong>Ingredienser<\/strong>: Angelica rot, kamomill, ingef\u00e4ra, Ceylon kanel, Chastberry, tranb\u00e4r<\/p>\n<p><b>Servering<\/b>: H\u00e4ll 250ml kokande vatten i en kopp och l\u00e5t st\u00e5 i 4 min. f\u00f6r att njuta av dess fr\u00e4scha, st\u00e4rkande aromer och rik delikat smak.<\/p>\n<p><strong>F\u00f6rpackning<\/strong>: 100st \/ kartong<\/p>\n","protected":false},"featured_media":9514,"template":"","meta":{"_acf_changed":false},"product_cat":[167,176],"product_tag":[175],"acf":[],"_links":{"self":[{"href":"https:\/\/theflavoursofgreece.com\/sv\/wp-json\/wp\/v2\/product\/9736"}],"collection":[{"href":"https:\/\/theflavoursofgreece.com\/sv\/wp-json\/wp\/v2\/product"}],"about":[{"href":"https:\/\/theflavoursofgreece.com\/sv\/wp-json\/wp\/v2\/types\/product"}],"wp:featuredmedia":[{"embeddable":true,"href":"https:\/\/theflavoursofgreece.com\/sv\/wp-json\/wp\/v2\/media\/9514"}],"wp:attachment":[{"href":"https:\/\/theflavoursofgreece.com\/sv\/wp-json\/wp\/v2\/media?parent=9736"}],"wp:term":[{"taxonomy":"product_cat","embeddable":true,"href":"https:\/\/theflavoursofgreece.com\/sv\/wp-json\/wp\/v2\/product_cat?post=9736"},{"taxonomy":"product_tag","embeddable":true,"href":"https:\/\/theflavoursofgreece.com\/sv\/wp-json\/wp\/v2\/product_tag?post=9736"}],"curies":[{"name":"wp","href":"https:\/\/api.w.org\/{rel}","templated":true}]}}