{"id":9737,"date":"2022-09-15T08:39:16","date_gmt":"2022-09-15T05:39:16","guid":{"rendered":"https:\/\/theflavoursofgreece.com\/product\/ertha-organiska-ortteer-infusion-hampa-berg-te-grekisk-saffran\/"},"modified":"2022-12-06T13:35:11","modified_gmt":"2022-12-06T11:35:11","slug":"ertha-organiska-ortteer-infusion-hampa-berg-te-grekisk-saffran","status":"publish","type":"product","link":"https:\/\/theflavoursofgreece.com\/sv\/produkt\/ertha-organiska-ortteer-infusion-hampa-berg-te-grekisk-saffran\/","title":{"rendered":"Ertha organiska \u00f6rtteer infusion hampa, berg te, grekisk saffran"},"content":{"rendered":"<div class=\"wpb-content-wrapper\"><p>[vc_row][vc_column][vc_column_text woodmart_inline=&#8221;no&#8221; text_larger=&#8221;no&#8221;]En idealisk blandning f\u00f6r att f\u00f6rb\u00e4ttra matsm\u00e4ltningen och immunf\u00f6rsvaret, tack vare de polyfenoliska egenskaperna hos Mountain Tea och grekiska saffran.<\/p>\n<p>I kombination med antioxidanten och antiinflammatoriska egenskaper hos CBD; bergte st\u00f6der immunsystemet, som \u00e4r det idealiska valet f\u00f6r influensa och andningssystemet. De kombinerade egenskaperna hos grekiskt saffran, som har anv\u00e4nts i \u00e5rhundraden f\u00f6r feber, bronkit och andra luftv\u00e4gssjukdomar, g\u00f6r denna blandning till den ultimata dekoktionen f\u00f6r kalla vinterdagar.<\/p>\n<p>Prova p\u00e5 regniga vinterdagar, n\u00e4r du k\u00e4nner att du har en f\u00f6rkylning men ocks\u00e5 f\u00f6r att st\u00f6dja immunitet \u00e5ret runt.[\/vc_column_text][\/vc_column][\/vc_row]<\/p>\n<\/div>","protected":false},"excerpt":{"rendered":"<p><span style=\"color: #0c89dd;\"><strong>20g<\/strong><\/span><\/p>\n<p><strong>Organisk \u00f6rtteoxid<\/strong><\/p>\n<p><span style=\"color: #d4a373;\"><strong>Ingredienser<\/strong><\/span>: Hampa, bergte, grekisk saffran<\/p>\n<p><b><span style=\"color: #d4a373;\">Servering<\/span><\/b>: H\u00e4ll 250ml kokande vatten i en kopp och l\u00e5t st\u00e5 i 4 min. f\u00f6r att njuta av dess fr\u00e4scha, st\u00e4rkande aromer och rik delikat smak<\/p>\n<p><span style=\"color: #d4a373;\"><strong>F\u00f6rpackning<\/strong><\/span>: 56st \/ kartong<\/p>\n","protected":false},"featured_media":9511,"template":"","meta":{"_acf_changed":false},"product_cat":[167,176],"product_tag":[175],"acf":[],"_links":{"self":[{"href":"https:\/\/theflavoursofgreece.com\/sv\/wp-json\/wp\/v2\/product\/9737"}],"collection":[{"href":"https:\/\/theflavoursofgreece.com\/sv\/wp-json\/wp\/v2\/product"}],"about":[{"href":"https:\/\/theflavoursofgreece.com\/sv\/wp-json\/wp\/v2\/types\/product"}],"wp:featuredmedia":[{"embeddable":true,"href":"https:\/\/theflavoursofgreece.com\/sv\/wp-json\/wp\/v2\/media\/9511"}],"wp:attachment":[{"href":"https:\/\/theflavoursofgreece.com\/sv\/wp-json\/wp\/v2\/media?parent=9737"}],"wp:term":[{"taxonomy":"product_cat","embeddable":true,"href":"https:\/\/theflavoursofgreece.com\/sv\/wp-json\/wp\/v2\/product_cat?post=9737"},{"taxonomy":"product_tag","embeddable":true,"href":"https:\/\/theflavoursofgreece.com\/sv\/wp-json\/wp\/v2\/product_tag?post=9737"}],"curies":[{"name":"wp","href":"https:\/\/api.w.org\/{rel}","templated":true}]}}